{"id":1035,"date":"2018-08-31T16:46:54","date_gmt":"2018-08-31T19:46:54","guid":{"rendered":"https:\/\/isp4lt-sfe.infd.edu.ar\/sitio\/nueva-tecnicatura-informatica-en-2017\/"},"modified":"2019-10-24T11:04:45","modified_gmt":"2019-10-24T14:04:45","slug":"nueva-tecnicatura-informatica-en-2017","status":"publish","type":"page","link":"https:\/\/isp4lt-sfe.infd.edu.ar\/sitio\/nueva-tecnicatura-informatica-en-2017\/","title":{"rendered":"Perfil y \u00c1rea Ocupacional &#8211;  Tecnicatura Superior en Desarrollo de Software"},"content":{"rendered":"<h1>Conoce m\u00e1s acerca de la Carrera Inform\u00e1tica:<\/h1>\n<p>&nbsp;<\/p>\n<div style=\"width: 640px;\" class=\"wp-video\"><!--[if lt IE 9]><script>document.createElement('video');<\/script><![endif]-->\n<video class=\"wp-video-shortcode\" id=\"video-1035-1\" width=\"640\" height=\"480\" preload=\"metadata\" controls=\"controls\"><source type=\"video\/mp4\" src=\"https:\/\/isp4lt-sfe.infd.edu.ar\/sitio\/wp-content\/uploads\/2018\/11\/TECNICATURA-SUPERIOR-EN-DESARROLLO-DE-SOFTWARE-_-Presentacion-2019_.mp4?_=1\" \/><a href=\"https:\/\/isp4lt-sfe.infd.edu.ar\/sitio\/wp-content\/uploads\/2018\/11\/TECNICATURA-SUPERIOR-EN-DESARROLLO-DE-SOFTWARE-_-Presentacion-2019_.mp4\">https:\/\/isp4lt-sfe.infd.edu.ar\/sitio\/wp-content\/uploads\/2018\/11\/TECNICATURA-SUPERIOR-EN-DESARROLLO-DE-SOFTWARE-_-Presentacion-2019_.mp4<\/a><\/video><\/div>\n<p><a href=\"http:\/\/www.comercio.edu.ar\/wp-content\/uploads\/2018\/08\/DC-Desarrollo-de-Software-Versi\u00f3n-9-23-de-agosto-1.pdf\" target=\"_blank\" rel=\"noopener\"><strong>PLAN DE ESTUDIOS seg\u00fan RESOLUCI\u00d3N N\u00b0 2120\/16<\/strong><\/a><\/p>\n<p>El T\u00e9cnico Superior en Desarrollo de Software ser\u00e1 capaz de utilizar las herramientas inform\u00e1ticas existentes y hacerlas funcionar de manera eficaz y eficiente, contemplando en su formaci\u00f3n distintas \u00e1reas de conocimiento, entre las cuales se encuentran: programaci\u00f3n, metodolog\u00edas de desarrollo, arquitectura y redes, dise\u00f1o de sistemas, bases de datos, direcci\u00f3n de proyectos inform\u00e1ticos, siendo imprescindible que en su formaci\u00f3n profesional adquiera las capacidades para adaptarse a los cambios constantes en la materia, con un perfil creativo e innovador y con mentalidad de trabajo en equipo. Con esta formaci\u00f3n se encontrar\u00e1 capacitado para producir artefactos de software, lo que comprende su dise\u00f1o detallado, construcci\u00f3n y verificaci\u00f3n unitaria, as\u00ed como su depuraci\u00f3n, optimizaci\u00f3n y mantenimiento; desarrollando las actividades descriptas en el perfil profesional y cumpliendo con los criterios de realizaci\u00f3n establecidos para las mismas en el marco de un equipo de trabajo organizado por proyecto. Entendiendo como artefacto de software cualquier parte del software (es decir modelos\/descripciones) desarrollado y utilizado durante el desarrollo y mantenimiento de software, como son: modelos de arquitectura y de dise\u00f1o, c\u00f3digo de fuente y ejecutable (programas), instrucciones de configuraci\u00f3n, datos de prueba, scrips de prueba, modelos de proceso, planes de proyecto, u otra documentaci\u00f3n pertinente.<\/p>\n<h2><strong>PERFIL DEL EGRESADO<\/strong><\/h2>\n<p>El T\u00e9cnico Superior en Desarrollo de Software estar\u00e1 capacitado para producir artefactos de software, lo que comprende su dise\u00f1o detallado, construcci\u00f3n -reutilizando elementos existentes o program\u00e1ndolos enteramente- y verificaci\u00f3n unitaria, as\u00ed como su depuraci\u00f3n, optimizaci\u00f3n y mantenimiento; desarrollando las actividades descriptas en el perfil profesional y cumpliendo con los criterios de realizaci\u00f3n establecidos para las mismas en el marco de un equipo de trabajo organizado por proyecto.<br \/>\nParticipa en proyectos de desarrollo de software desempe\u00f1ando roles que tienen por objeto producir artefactos de software (programas, m\u00f3dulos, objetos). Estos artefactos suelen integrarse en aplicaciones o subsistemas que interact\u00faan entre s\u00ed, con otras aplicaciones ya existentes desarrolladas con la misma o distinta tecnolog\u00eda, con el sistema operativo del computador u otro software de base (motor de base de datos, navegador, monitor de comunicaciones) configurando distintas capas de software que pueden estar distribuidas en diversas m\u00e1quinas situadas en la misma o distintas ubicaciones.<\/p>\n<p>&nbsp;<\/p>\n<h2><strong>\u00c1REA OCUPACIONAL<\/strong><\/h2>\n<p>Este t\u00e9cnico se ocupa en organizaciones de diversos tipos. Empresas que realizan desarrollo de software por encargo de organizaciones locales o extranjeras, que proveen software junto con otros servicios de asesoramiento y consultor\u00eda, y, en menor n\u00famero, que desarrollan sus propios productos de software para vender en el pa\u00eds o en el exterior. Tambi\u00e9n en organizaciones dedicadas a otras actividades, pero que producen el software que necesitan para desarrollar sus propias actividades o que integran en productos que venden.<br \/>\nSu posici\u00f3n ocupacional suele denominarse analista programador o programador, aunque \u00faltimamente se est\u00e1 generalizando una denominaci\u00f3n m\u00e1s abarcativa y menos categorizante, desarrollador de software. Integra equipos de proyecto dedicados al desarrollo o mantenimiento de software y recibe asignaciones espec\u00edficas que tiene que resolver en lapsos que suelen medirse en t\u00e9rminos de d\u00edas o semanas, produciendo artefactos que satisfagan especificaciones y se integren al sistema objeto del proyecto.<br \/>\nPuede desempe\u00f1arse en forma aut\u00f3noma, asumiendo la mayor parte de las tareas propias del proceso, sobre todo trabajando en forma independiente resolviendo problemas de peque\u00f1as organizaciones que requieren sistemas de baja complejidad y reducida dimensi\u00f3n. Por otra parte, T\u00e9cnicos Superiores en Desarrollo de Software o profesionales equivalentes con capacidad emprendedora pueden y suelen asociarse entre ellos para generar sus propias empresas para brindar servicios de desarrollo y proveer software a terceros.<\/p>\n<p>Ver tambi\u00e9n\u00a0<a href=\"https:\/\/isp4lt-sfe.infd.edu.ar\/sitio\/apertura-carrera-tecnico-superior-en-desarrollo-de-software\/\">https:\/\/isp4lt-sfe.infd.edu.ar\/sitio\/apertura-carrera-tecnico-superior-en-desarrollo-de-software\/<\/a><\/p>\n<p>&nbsp;<\/p>\n<p>&nbsp;<\/p>\n<p>&nbsp;<\/p>\n<p>&nbsp;<\/p>\n<p>&nbsp;<\/p>\n<p>&nbsp;<\/p>\n","protected":false},"excerpt":{"rendered":"<p>Conoce m\u00e1s acerca de la Carrera Inform\u00e1tica: &nbsp; PLAN DE ESTUDIOS seg\u00fan RESOLUCI\u00d3N N\u00b0 2120\/16 El T\u00e9cnico Superior en Desarrollo de Software ser\u00e1 capaz de utilizar las herramientas inform\u00e1ticas existentes y hacerlas funcionar de manera eficaz y eficiente, contemplando en su formaci\u00f3n distintas \u00e1reas de conocimiento, entre las cuales se encuentran: programaci\u00f3n, metodolog\u00edas de desarrollo, &#8230; <a title=\"Perfil y \u00c1rea Ocupacional &#8211;  Tecnicatura Superior en Desarrollo de Software\" class=\"read-more\" href=\"https:\/\/isp4lt-sfe.infd.edu.ar\/sitio\/nueva-tecnicatura-informatica-en-2017\/\" aria-label=\"More on Perfil y \u00c1rea Ocupacional &#8211;  Tecnicatura Superior en Desarrollo de Software\">[+]<\/a><\/p>\n","protected":false},"author":356,"featured_media":0,"parent":0,"menu_order":0,"comment_status":"closed","ping_status":"closed","template":"","meta":[],"acf":[],"_links":{"self":[{"href":"https:\/\/isp4lt-sfe.infd.edu.ar\/sitio\/wp-json\/wp\/v2\/pages\/1035"}],"collection":[{"href":"https:\/\/isp4lt-sfe.infd.edu.ar\/sitio\/wp-json\/wp\/v2\/pages"}],"about":[{"href":"https:\/\/isp4lt-sfe.infd.edu.ar\/sitio\/wp-json\/wp\/v2\/types\/page"}],"author":[{"embeddable":true,"href":"https:\/\/isp4lt-sfe.infd.edu.ar\/sitio\/wp-json\/wp\/v2\/users\/356"}],"replies":[{"embeddable":true,"href":"https:\/\/isp4lt-sfe.infd.edu.ar\/sitio\/wp-json\/wp\/v2\/comments?post=1035"}],"version-history":[{"count":8,"href":"https:\/\/isp4lt-sfe.infd.edu.ar\/sitio\/wp-json\/wp\/v2\/pages\/1035\/revisions"}],"predecessor-version":[{"id":1091,"href":"https:\/\/isp4lt-sfe.infd.edu.ar\/sitio\/wp-json\/wp\/v2\/pages\/1035\/revisions\/1091"}],"wp:attachment":[{"href":"https:\/\/isp4lt-sfe.infd.edu.ar\/sitio\/wp-json\/wp\/v2\/media?parent=1035"}],"curies":[{"name":"wp","href":"https:\/\/api.w.org\/{rel}","templated":true}]}}