{"id":1322,"date":"2019-03-06T14:38:17","date_gmt":"2019-03-06T17:38:17","guid":{"rendered":"https:\/\/isp4lt-sfe.infd.edu.ar\/sitio\/?page_id=1322"},"modified":"2026-02-16T08:14:58","modified_gmt":"2026-02-16T11:14:58","slug":"tecnicaturaswregimencorrelatividades","status":"publish","type":"page","link":"https:\/\/isp4lt-sfe.infd.edu.ar\/sitio\/tecnicaturaswregimencorrelatividades\/","title":{"rendered":""},"content":{"rendered":"<h1>R\u00e9gimen de correlatividades<\/h1>\n<p>La trayectoria que realice cada estudiante en la carrera, deber\u00e1 respetar las siguientes pautas del r\u00e9gimen de cursado y correlatividades. Las correlatividades se establecen en funci\u00f3n de los procesos que se pretenden desarrollar en el transcurso de la formaci\u00f3n y de los alcances de contenidos correspondientes a cada unidad curricular.<\/p>\n<p><img decoding=\"async\" loading=\"lazy\" class=\"alignnone wp-image-1331 size-full\" src=\"https:\/\/isp4lt-sfe.infd.edu.ar\/sitio\/wp-content\/uploads\/2019\/03\/sw_correlativas.png\" alt=\"\" width=\"726\" height=\"337\"><\/p>\n","protected":false},"excerpt":{"rendered":"<p>R\u00e9gimen de correlatividades La trayectoria que realice cada estudiante en la carrera, deber\u00e1 respetar las siguientes pautas del r\u00e9gimen de cursado y correlatividades. Las correlatividades se establecen en funci\u00f3n de los procesos que se pretenden desarrollar en el transcurso de la formaci\u00f3n y de los alcances de contenidos correspondientes a cada unidad curricular.<\/p>\n","protected":false},"author":33,"featured_media":0,"parent":0,"menu_order":0,"comment_status":"closed","ping_status":"closed","template":"","meta":[],"acf":[],"_links":{"self":[{"href":"https:\/\/isp4lt-sfe.infd.edu.ar\/sitio\/wp-json\/wp\/v2\/pages\/1322"}],"collection":[{"href":"https:\/\/isp4lt-sfe.infd.edu.ar\/sitio\/wp-json\/wp\/v2\/pages"}],"about":[{"href":"https:\/\/isp4lt-sfe.infd.edu.ar\/sitio\/wp-json\/wp\/v2\/types\/page"}],"author":[{"embeddable":true,"href":"https:\/\/isp4lt-sfe.infd.edu.ar\/sitio\/wp-json\/wp\/v2\/users\/33"}],"replies":[{"embeddable":true,"href":"https:\/\/isp4lt-sfe.infd.edu.ar\/sitio\/wp-json\/wp\/v2\/comments?post=1322"}],"version-history":[{"count":3,"href":"https:\/\/isp4lt-sfe.infd.edu.ar\/sitio\/wp-json\/wp\/v2\/pages\/1322\/revisions"}],"predecessor-version":[{"id":3527,"href":"https:\/\/isp4lt-sfe.infd.edu.ar\/sitio\/wp-json\/wp\/v2\/pages\/1322\/revisions\/3527"}],"wp:attachment":[{"href":"https:\/\/isp4lt-sfe.infd.edu.ar\/sitio\/wp-json\/wp\/v2\/media?parent=1322"}],"curies":[{"name":"wp","href":"https:\/\/api.w.org\/{rel}","templated":true}]}}