{"id":1796,"date":"2019-07-29T22:21:37","date_gmt":"2019-07-30T01:21:37","guid":{"rendered":"https:\/\/isp4lt-sfe.infd.edu.ar\/sitio\/?page_id=1796"},"modified":"2019-10-03T11:47:14","modified_gmt":"2019-10-03T14:47:14","slug":"3o-congreso-informatica","status":"publish","type":"page","link":"https:\/\/isp4lt-sfe.infd.edu.ar\/sitio\/3o-congreso-informatica\/","title":{"rendered":"3\u00ba Congreso de Inform\u00e1tica"},"content":{"rendered":"<p><a href=\"https:\/\/isp4lt-sfe.infd.edu.ar\/sitio\/wp-content\/uploads\/2019\/09\/folletoA3ok.png\"><br \/>\n<img decoding=\"async\" loading=\"lazy\" class=\"size-full wp-image-1266 alignright\" src=\"https:\/\/isp4lt-sfe.infd.edu.ar\/sitio\/wp-content\/uploads\/2019\/09\/folletoA3ok.png\" alt=\"\" width=\"500\" height=\"354\" \/><br \/>\n<\/a><\/p>\n<h1>3\u00b0 Congreso de Inform\u00e1tica del Norte de Santa Fe<\/h1>\n<h2><strong>Tecnolog\u00eda e impacto Social: \u201cPosibilidades y desaf\u00edos\u201d<\/strong><\/h2>\n<h3><a href=\"http:\/\/www.congresoinformaticanortesantafe.com.ar\/inscripcion\/inscripcion.php\">Inscribite Aqu\u00ed<\/a><\/h3>\n<h3><span style=\"color: #ff6600;\"><u>Destinatarios<\/u>:<\/span><\/h3>\n<ul>\n<li>Estudiantes y docentes de las instituciones organizadoras.<\/li>\n<li>Profesionales T\u00e9cnicos.<\/li>\n<li>Estudiantes y docentes de Institutos de Educaci\u00f3n Superior de la regi\u00f3n.<\/li>\n<li>Profesionales de \u00e1reas afines<\/li>\n<li>Estudiantes y docentes de nivel medio.<\/li>\n<\/ul>\n<h3><span style=\"color: #ff6600;\"><u>Modalidades de trabajo: <\/u><\/span><\/h3>\n<ul>\n<li>Conferencias a cargo de especialistas<\/li>\n<li>Talleres<\/li>\n<li>Stands (alumnos y docentes\u00a0 de escuelas secundarias\u00a0 y t\u00e9cnicas presentar\u00e1n diversas experiencias).<\/li>\n<\/ul>\n<h3><span style=\"color: #ff6600;\"><u>Programa:<\/u><\/span><\/h3>\n<table>\n<tbody>\n<tr>\n<td width=\"92\"><u>8.00 hs<\/u><\/td>\n<td width=\"192\">Acreditaci\u00f3n<\/td>\n<td width=\"192\"><\/td>\n<\/tr>\n<tr>\n<td width=\"92\"><u>9.00 hs<\/u><\/td>\n<td width=\"192\">Apertura<\/td>\n<td width=\"192\"><\/td>\n<\/tr>\n<tr>\n<td width=\"92\"><u>9.20 hs<\/u><\/td>\n<td width=\"192\">Panel: Ana Clara Dalla Valle, Leandro Simeoni, Victoria Cerrano.<br \/>\nEl uso de la Tecnolog\u00eda como herramienta de cambio social. Empresas de Triple Impacto.<\/td>\n<td width=\"192\">Sobre Ana Clara Dalla Valle :<br \/>\n<a href=\"https:\/\/www.youtube.com\/watch?v=OUkR3b7an3Y\">Conoce m\u00e1s aqui,\u00a0<\/a> <a href=\"https:\/\/ar.linkedin.com\/in\/anaclaradallavalle\">LinkedIn<\/a><br \/>\nSobre Leandro Simeoni: <a href=\"http:\/\/nomines.com.ar\/\">http:\/\/nomines.com.ar\/<\/a><\/td>\n<\/tr>\n<tr>\n<td width=\"92\"><u>11.20 hs<\/u><\/td>\n<td width=\"192\">Exposici\u00f3n de Proyectos a cargo de Alumnos del ISP 63 \u2013 Tecnicatura Superior en Desarrollo de Software.<\/td>\n<td width=\"192\">Don.Ar\u00a0 | <a href=\"http:\/\/hemoglovida.com.ar\">HemogloVida.com.ar<\/a><\/td>\n<\/tr>\n<tr>\n<td width=\"92\"><u>12.00 hs<\/u><\/td>\n<td width=\"192\">Almuerzo<\/td>\n<td width=\"192\"><\/td>\n<\/tr>\n<tr>\n<td width=\"92\"><u>13.00 hs<\/u><\/td>\n<td width=\"192\">Presentaci\u00f3n de Stands a cargo de Instituciones invitadas.<\/td>\n<td width=\"192\"><\/td>\n<\/tr>\n<tr>\n<td width=\"92\"><u>13.30 hs<\/u><\/td>\n<td width=\"192\">Exposici\u00f3n Ignacio Puccini: La importancia de Generar un Ecosistema Emprendedor<\/td>\n<td width=\"192\"><span style=\"color: #000000; font-family: arial, sans-serif;\"><span id=\"x_m_-528318562322811610gmail-docs-internal-guid-5150ff1b-7fff-e995-35df-f6b3abfe94ec\">Contar la experiencia creando comunidades de emprendedores para potenciar la industria local. Las ventajas de trabajar en un ambiente colaborativo. La importancia de impulsar el ecosistema donde uno se encuentra.<\/span><\/span><\/p>\n<div>Portfolio:\u00a0<a href=\"http:\/\/ipuccini.com\/\" target=\"_blank\" rel=\"noopener noreferrer\" data-auth=\"NotApplicable\">http:\/\/ipuccini.com<\/a><\/div>\n<\/td>\n<\/tr>\n<tr>\n<td width=\"92\"><u>14.00 hs<\/u><\/td>\n<td width=\"192\">Exposici\u00f3n de Proyectos a cargo de Alumnos del ISP 9094 \u2013 Tecnicatura Superior en Soporte de Infraestructura de Tecnolog\u00edas de la Informaci\u00f3n.<\/td>\n<td width=\"192\"><\/td>\n<\/tr>\n<tr>\n<td width=\"92\"><u>14.30 hs<\/u><\/td>\n<td width=\"192\">Exposici\u00f3n Ignacio Puccini: Producci\u00f3n de Proyectos Tecnol\u00f3gicos<\/td>\n<td width=\"192\">\n<p dir=\"ltr\">Charla sobre producci\u00f3n. Utilizando videojuegos como ejemplo mostrar el proceso de producci\u00f3n de un proyecto tecnol\u00f3gico. Desde el prototipo, la producci\u00f3n, la comercializaci\u00f3n y que pasa despu\u00e9s. Introducci\u00f3n b\u00e1sica a un pitch del producto. Formas de organizarse en un proyecto.<\/p>\n<div>Portfolio:\u00a0<a href=\"http:\/\/ipuccini.com\/\" target=\"_blank\" rel=\"noopener noreferrer\" data-auth=\"NotApplicable\">http:\/\/ipuccini.com<\/a> <a href=\"https:\/\/youtu.be\/wO14xN4K9q8\">Conoce m\u00e1s aqui, <\/a><\/div>\n<\/td>\n<\/tr>\n<\/tbody>\n<\/table>\n<h3><span style=\"color: #ff6600;\"><u>Certificaci\u00f3n<\/u><\/span><\/h3>\n<p>La certificaci\u00f3n otorgada ser\u00e1 emitida en el marco del Decreto N\u00b0 3029\/12 del Ministerio de Educaci\u00f3n de la Provincia de Santa Fe.<\/p>\n<h3><span style=\"color: #ff6600;\"><u>Costos de la Jornada:<\/u><\/span><\/h3>\n<ul>\n<li>Hasta el 10 de Septiembre de 2019: Docentes y p\u00fablico en general: $400.<br \/>\n| Estudiantes: $200 &#8211;<\/li>\n<li>Hasta el 04 de Octubre de 2019: Docentes y p\u00fablico en general: $500.<br \/>\n| Estudiantes: $250<\/li>\n<li>El D\u00eda del Congreso: Docentes y p\u00fablico en general: $600.<br \/>\n| Estudiantes: $250 &#8211;<\/li>\n<\/ul>\n<p><u>Se podr\u00e1 abonar en sedes organizadoras:<\/u><\/p>\n<div><b>LAS TOSCAS<b>: <\/b><\/b>ISP 63 <b><b><a href=\"tel:+543482632748\">3482-492041<\/a><\/b><\/b><\/div>\n<div><b>VILLA OCAMPO: <\/b>ISPI 9094 <a href=\"tel:+543482507297\">3482- 466421<\/a><\/div>\n<div>o a trav\u00e9s de\u00a0 <a href=\"http:\/\/www.congresoinformaticanortesantafe.com.ar\/inscripcion\/index.html\">M\u00e9todos de Pago Virtuales<\/a><\/div>\n<h3><span style=\"color: #ff6600;\"><u>Sede de la Jornada:<\/u><\/span><\/h3>\n<p><span class=\"st\">Instalaciones del <em>Centro Recreativo<\/em> Integral <em>STIC, Ruta 11<\/em><\/span>\u00a0 km885 &#8211; \u00a0 Las Toscas, Santa Fe CP 3586<br \/>\n<iframe loading=\"lazy\" style=\"border: 0;\" src=\"https:\/\/www.google.com\/maps\/embed?pb=!1m14!1m8!1m3!1d14043.059732281989!2d-59.2626337!3d-28.3659556!3m2!1i1024!2i768!4f13.1!3m3!1m2!1s0x0%3A0x6d3662f87075dc3e!2sPoli+Deportivo+del+S.T.I.C!5e0!3m2!1ses-419!2sar!4v1565182182258!5m2!1ses-419!2sar\" width=\"600\" height=\"450\" frameborder=\"0\" allowfullscreen=\"allowfullscreen\"><\/iframe><br \/>\nTel\u00e9fono: 03482-492041<\/p>\n<h3><span style=\"color: #ff6600;\"><u>Informes e inscripciones:<\/u><\/span><\/h3>\n<p>La inscripci\u00f3n podr\u00e1 realizarse haciendo <a href=\"http:\/\/www.congresoinformaticanortesantafe.com.ar\/inscripcion\/inscripcion.php\">Clic Aqu\u00ed<\/a><\/p>\n<p>Consultas al Tel\u00e9fono: 03482- 492041 (de lunes a viernes, de 18.00 a 21.00 horas).<\/p>\n","protected":false},"excerpt":{"rendered":"<p>3\u00b0 Congreso de Inform\u00e1tica del Norte de Santa Fe Tecnolog\u00eda e impacto Social: \u201cPosibilidades y desaf\u00edos\u201d Inscribite Aqu\u00ed Destinatarios: Estudiantes y docentes de las instituciones organizadoras. Profesionales T\u00e9cnicos. Estudiantes y docentes de Institutos de Educaci\u00f3n Superior de la regi\u00f3n. Profesionales de \u00e1reas afines Estudiantes y docentes de nivel medio. Modalidades de trabajo: Conferencias a cargo &#8230; <a title=\"3\u00ba Congreso de Inform\u00e1tica\" class=\"read-more\" href=\"https:\/\/isp4lt-sfe.infd.edu.ar\/sitio\/3o-congreso-informatica\/\" aria-label=\"More on 3\u00ba Congreso de Inform\u00e1tica\">[+]<\/a><\/p>\n","protected":false},"author":33,"featured_media":0,"parent":0,"menu_order":0,"comment_status":"closed","ping_status":"closed","template":"","meta":[],"acf":[],"_links":{"self":[{"href":"https:\/\/isp4lt-sfe.infd.edu.ar\/sitio\/wp-json\/wp\/v2\/pages\/1796"}],"collection":[{"href":"https:\/\/isp4lt-sfe.infd.edu.ar\/sitio\/wp-json\/wp\/v2\/pages"}],"about":[{"href":"https:\/\/isp4lt-sfe.infd.edu.ar\/sitio\/wp-json\/wp\/v2\/types\/page"}],"author":[{"embeddable":true,"href":"https:\/\/isp4lt-sfe.infd.edu.ar\/sitio\/wp-json\/wp\/v2\/users\/33"}],"replies":[{"embeddable":true,"href":"https:\/\/isp4lt-sfe.infd.edu.ar\/sitio\/wp-json\/wp\/v2\/comments?post=1796"}],"version-history":[{"count":31,"href":"https:\/\/isp4lt-sfe.infd.edu.ar\/sitio\/wp-json\/wp\/v2\/pages\/1796\/revisions"}],"predecessor-version":[{"id":1843,"href":"https:\/\/isp4lt-sfe.infd.edu.ar\/sitio\/wp-json\/wp\/v2\/pages\/1796\/revisions\/1843"}],"wp:attachment":[{"href":"https:\/\/isp4lt-sfe.infd.edu.ar\/sitio\/wp-json\/wp\/v2\/media?parent=1796"}],"curies":[{"name":"wp","href":"https:\/\/api.w.org\/{rel}","templated":true}]}}