{"id":1926,"date":"2019-12-18T19:49:00","date_gmt":"2019-12-18T22:49:00","guid":{"rendered":"https:\/\/isp4lt-sfe.infd.edu.ar\/sitio\/?page_id=1926"},"modified":"2019-12-18T19:51:03","modified_gmt":"2019-12-18T22:51:03","slug":"ingresantes-2020","status":"publish","type":"page","link":"https:\/\/isp4lt-sfe.infd.edu.ar\/sitio\/ingresantes-2020\/","title":{"rendered":"Ingresantes 2020"},"content":{"rendered":"<h5><span style=\"color: #ff00ff;\">Desde 03 De Febrero del 2020<br \/>\n<\/span><span style=\"color: #33cccc;\">Inscripci\u00f3n de alumnos ingresantes a 1er. A\u00f1o 2020<\/span><\/h5>\n<p><strong><a href=\"https:\/\/isp4lt-sfe.infd.edu.ar\/sitio\/wp-content\/uploads\/2019\/10\/se\u00f1aladorPromoCarreras2020.png\"><img decoding=\"async\" loading=\"lazy\" class=\" wp-image-1875 alignleft\" src=\"https:\/\/isp4lt-sfe.infd.edu.ar\/sitio\/wp-content\/uploads\/2019\/10\/se\u00f1aladorPromoCarreras2020-1000x734.png\" alt=\"\" width=\"457\" height=\"336\" srcset=\"https:\/\/isp4lt-sfe.infd.edu.ar\/sitio\/wp-content\/uploads\/2019\/10\/se\u00f1aladorPromoCarreras2020.png 1000w, https:\/\/isp4lt-sfe.infd.edu.ar\/sitio\/wp-content\/uploads\/2019\/10\/se\u00f1aladorPromoCarreras2020-768x564.png 768w\" sizes=\"(max-width: 457px) 100vw, 457px\" \/><\/a><\/strong><strong>Documentaci\u00f3n requerida:<\/strong><\/p>\n<ul>\n<li>T\u00edtulo de Nivel Medio o Constancia de <strong>Egresado<\/strong> &#8211; Fotocopia legalizada<\/li>\n<li>Certificado Laboral (si trabaja)<\/li>\n<li>Certificado de Salud<\/li>\n<li>Examen Fonoaudiol\u00f3gico<\/li>\n<li>2 fotos 4&#215;4 tipo carnet actualizada (apellido y nombre al dorso)<\/li>\n<li>Partida de Nacimiento, 1 Folio<\/li>\n<li><a href=\"https:\/\/drive.google.com\/file\/d\/0B5dSYrNM_z_hcjZpVUExcGFOcjg\/view?usp=sharing\" target=\"_blank\" rel=\"noopener\">Formulario de Inscripci\u00f3n<\/a><\/li>\n<\/ul>\n<p>Conoce m\u00e1s de las Carreras:<\/p>\n<ul>\n<li><a href=\"https:\/\/isp4lt-sfe.infd.edu.ar\/sitio\/tecnicaturaswdatos\/\">Tecnicatura Superior en Desarrollo de Software<\/a> (<a href=\"https:\/\/isp4lt-sfe.infd.edu.ar\/sitio\/wp-content\/uploads\/2019\/12\/Proped\u00e9uticoTecnicatura2020_.pdf\">Descargar Apunte Proped\u00e9utico<\/a>)<\/li>\n<li><a href=\"https:\/\/isp4lt-sfe.infd.edu.ar\/sitio\/profesorado-en-educacion-primaria\/\">Profesorado de Educaci\u00f3n Primaria<\/a> ( <a href=\"https:\/\/drive.google.com\/file\/d\/1KVjBsKg1zomTGfzpCduc09bJ1t5wwrbv\/view?usp=sharing\">Descargar Apunte Proped\u00e9utico<\/a> )<\/li>\n<li><a href=\"https:\/\/isp4lt-sfe.infd.edu.ar\/sitio\/profesorado-en-lengua-y-literatura\/\">Profesorado en Lengua y Literatura<\/a>(<a href=\"https:\/\/isp4lt-sfe.infd.edu.ar\/sitio\/wp-content\/uploads\/2019\/12\/PROFESORADO-DE-LENGUA-Y-LITERATUR1-fusionado.pdf\">Descargar Apunte Proped\u00e9utico)<\/a><\/li>\n<\/ul>\n<p>&nbsp;<\/p>\n","protected":false},"excerpt":{"rendered":"<p>Desde 03 De Febrero del 2020 Inscripci\u00f3n de alumnos ingresantes a 1er. A\u00f1o 2020 Documentaci\u00f3n requerida: T\u00edtulo de Nivel Medio o Constancia de Egresado &#8211; Fotocopia legalizada Certificado Laboral (si trabaja) Certificado de Salud Examen Fonoaudiol\u00f3gico 2 fotos 4&#215;4 tipo carnet actualizada (apellido y nombre al dorso) Partida de Nacimiento, 1 Folio Formulario de Inscripci\u00f3n &#8230; <a title=\"Ingresantes 2020\" class=\"read-more\" href=\"https:\/\/isp4lt-sfe.infd.edu.ar\/sitio\/ingresantes-2020\/\" aria-label=\"More on Ingresantes 2020\">[+]<\/a><\/p>\n","protected":false},"author":33,"featured_media":0,"parent":0,"menu_order":0,"comment_status":"closed","ping_status":"closed","template":"","meta":[],"acf":[],"_links":{"self":[{"href":"https:\/\/isp4lt-sfe.infd.edu.ar\/sitio\/wp-json\/wp\/v2\/pages\/1926"}],"collection":[{"href":"https:\/\/isp4lt-sfe.infd.edu.ar\/sitio\/wp-json\/wp\/v2\/pages"}],"about":[{"href":"https:\/\/isp4lt-sfe.infd.edu.ar\/sitio\/wp-json\/wp\/v2\/types\/page"}],"author":[{"embeddable":true,"href":"https:\/\/isp4lt-sfe.infd.edu.ar\/sitio\/wp-json\/wp\/v2\/users\/33"}],"replies":[{"embeddable":true,"href":"https:\/\/isp4lt-sfe.infd.edu.ar\/sitio\/wp-json\/wp\/v2\/comments?post=1926"}],"version-history":[{"count":3,"href":"https:\/\/isp4lt-sfe.infd.edu.ar\/sitio\/wp-json\/wp\/v2\/pages\/1926\/revisions"}],"predecessor-version":[{"id":1931,"href":"https:\/\/isp4lt-sfe.infd.edu.ar\/sitio\/wp-json\/wp\/v2\/pages\/1926\/revisions\/1931"}],"wp:attachment":[{"href":"https:\/\/isp4lt-sfe.infd.edu.ar\/sitio\/wp-json\/wp\/v2\/media?parent=1926"}],"curies":[{"name":"wp","href":"https:\/\/api.w.org\/{rel}","templated":true}]}}