{"id":2346,"date":"2021-05-28T10:42:36","date_gmt":"2021-05-28T13:42:36","guid":{"rendered":"https:\/\/isp4lt-sfe.infd.edu.ar\/sitio\/?page_id=2346"},"modified":"2024-04-27T08:27:26","modified_gmt":"2024-04-27T11:27:26","slug":"planificaciones-tecnicatura","status":"publish","type":"page","link":"https:\/\/isp4lt-sfe.infd.edu.ar\/sitio\/planificaciones-tecnicatura\/","title":{"rendered":"Planificaciones"},"content":{"rendered":"<p><strong>Materias de primer a\u00f1o:<\/strong><\/p>\n<p><a href=\"https:\/\/isp4lt-sfe.infd.edu.ar\/sitio\/wp-content\/uploads\/2023\/12\/TSDS-plan-Matematica-2023.pdf\">Matem\u00e1tica<\/a><\/p>\n<p><a href=\"https:\/\/isp4lt-sfe.infd.edu.ar\/sitio\/wp-content\/uploads\/2023\/12\/PLAN-ANUAL-COMUNICACION-TECNICATURA-2023.pdf\">COMUNICACI\u00d3N <\/a><\/p>\n<p><a href=\"https:\/\/isp4lt-sfe.infd.edu.ar\/sitio\/wp-content\/uploads\/2021\/06\/Programa-Ingles-tec-2021-1TDS.pdf\">Ingl\u00e9s t\u00e9cnico I<\/a><\/p>\n<p><a href=\"https:\/\/isp4lt-sfe.infd.edu.ar\/sitio\/wp-content\/uploads\/2023\/10\/SISTEMAS-OPERATIVOS-2023.pdf\">SISTEMAS OPERATIVOS &#8211; 2023<\/a><\/p>\n<p><a href=\"https:\/\/isp4lt-sfe.infd.edu.ar\/sitio\/wp-content\/uploads\/2023\/10\/TECNOLOGIA-DE-LA-INFORMACION-I-2023.pdf\">TECNOLOG\u00cdA DE LA INFORMACI\u00d3N I &#8211; 2023<\/a><\/p>\n<p><strong>Materias de segundo a\u00f1o:<\/strong><\/p>\n<p><a href=\"https:\/\/isp4lt-sfe.infd.edu.ar\/sitio\/wp-content\/uploads\/2021\/05\/PlanAnual.-2021.-2-Estadistica.-TSDS.-BustamanteDiana..pdf\">Estad\u00edstica<\/a><\/p>\n<p><a href=\"https:\/\/isp4lt-sfe.infd.edu.ar\/sitio\/wp-content\/uploads\/2024\/04\/ESTADISTICA-2024.pdf\">ESTAD\u00cdSTICA 2024<\/a><\/p>\n<p><a href=\"https:\/\/isp4lt-sfe.infd.edu.ar\/sitio\/wp-content\/uploads\/2021\/06\/Programa-Ingles-tec-2021-2TDS.pdf\">Ingl\u00e9s t\u00e9cnico II<\/a><\/p>\n<p><a href=\"https:\/\/isp4lt-sfe.infd.edu.ar\/sitio\/wp-content\/uploads\/2023\/10\/PRACTICA-PROFESIONALIZANTE-I-2023.pdf\">PR\u00c1CTICA PROFESIONALIZANTE I &#8211; 2023<\/a><\/p>\n<p><strong>Materias de tercer a\u00f1o:<\/strong><\/p>\n<p><a href=\"https:\/\/isp4lt-sfe.infd.edu.ar\/sitio\/wp-content\/uploads\/2023\/10\/PRACTICA-PROFESIONALIZANTE-II-2023.pdf\">PR\u00c1CTICA PROFESIONALIZANTE II &#8211; 2023<\/a><\/p>\n","protected":false},"excerpt":{"rendered":"<p>Materias de primer a\u00f1o: Matem\u00e1tica COMUNICACI\u00d3N Ingl\u00e9s t\u00e9cnico I SISTEMAS OPERATIVOS &#8211; 2023 TECNOLOG\u00cdA DE LA INFORMACI\u00d3N I &#8211; 2023 Materias de segundo a\u00f1o: Estad\u00edstica ESTAD\u00cdSTICA 2024 Ingl\u00e9s t\u00e9cnico II PR\u00c1CTICA PROFESIONALIZANTE I &#8211; 2023 Materias de tercer a\u00f1o: PR\u00c1CTICA PROFESIONALIZANTE II &#8211; 2023<\/p>\n","protected":false},"author":69,"featured_media":0,"parent":0,"menu_order":0,"comment_status":"closed","ping_status":"closed","template":"","meta":[],"acf":[],"_links":{"self":[{"href":"https:\/\/isp4lt-sfe.infd.edu.ar\/sitio\/wp-json\/wp\/v2\/pages\/2346"}],"collection":[{"href":"https:\/\/isp4lt-sfe.infd.edu.ar\/sitio\/wp-json\/wp\/v2\/pages"}],"about":[{"href":"https:\/\/isp4lt-sfe.infd.edu.ar\/sitio\/wp-json\/wp\/v2\/types\/page"}],"author":[{"embeddable":true,"href":"https:\/\/isp4lt-sfe.infd.edu.ar\/sitio\/wp-json\/wp\/v2\/users\/69"}],"replies":[{"embeddable":true,"href":"https:\/\/isp4lt-sfe.infd.edu.ar\/sitio\/wp-json\/wp\/v2\/comments?post=2346"}],"version-history":[{"count":9,"href":"https:\/\/isp4lt-sfe.infd.edu.ar\/sitio\/wp-json\/wp\/v2\/pages\/2346\/revisions"}],"predecessor-version":[{"id":3243,"href":"https:\/\/isp4lt-sfe.infd.edu.ar\/sitio\/wp-json\/wp\/v2\/pages\/2346\/revisions\/3243"}],"wp:attachment":[{"href":"https:\/\/isp4lt-sfe.infd.edu.ar\/sitio\/wp-json\/wp\/v2\/media?parent=2346"}],"curies":[{"name":"wp","href":"https:\/\/api.w.org\/{rel}","templated":true}]}}