{"id":3556,"date":"2026-02-23T09:34:23","date_gmt":"2026-02-23T12:34:23","guid":{"rendered":"https:\/\/isp4lt-sfe.infd.edu.ar\/sitio\/?page_id=3556"},"modified":"2026-02-23T09:34:26","modified_gmt":"2026-02-23T12:34:26","slug":"campo-ocupacional-4","status":"publish","type":"page","link":"https:\/\/isp4lt-sfe.infd.edu.ar\/sitio\/campo-ocupacional-4\/","title":{"rendered":"Campo Ocupacional"},"content":{"rendered":"\n<p>El profesorado de ingl\u00e9s ofrece un amplio campo ocupacional\u00a0enfocado en la ense\u00f1anza en todos los niveles educativos (inicial, primario, secundario y superior) en instituciones p\u00fablicas y privadas. Tambi\u00e9n permite el desempe\u00f1o en centros de idiomas, capacitaci\u00f3n corporativa, traducci\u00f3n, interpretaci\u00f3n, y el trabajo en el extranjero o en el sector tur\u00edstico y editorial.<\/p>\n\n\n\n<p><strong>\u00c1reas de Desempe\u00f1o Principal:<\/strong><\/p>\n\n\n\n<ul>\n<li><strong>Instituciones Educativas:<\/strong>&nbsp;Escuelas de nivel inicial, primario y secundario, escuelas t\u00e9cnicas, institutos de formaci\u00f3n docente y universidades.<\/li>\n\n\n\n<li><strong>Educaci\u00f3n No Formal:<\/strong>&nbsp;Institutos privados de ense\u00f1anza de ingl\u00e9s (idiomas), escuelas de verano y academias.<\/li>\n\n\n\n<li><strong>Empresas y Corporaciones:<\/strong>&nbsp;Capacitaci\u00f3n de personal en \u00abEnglish for Specific Purposes\u00bb (Ingl\u00e9s para prop\u00f3sitos espec\u00edficos) o ingl\u00e9s de negocios.<\/li>\n\n\n\n<li><strong>Trabajo Independiente:<\/strong>&nbsp;Clases particulares, tutor\u00edas online, traducci\u00f3n e interpretaci\u00f3n.<\/li>\n\n\n\n<li><strong>Sector Tur\u00edstico y Cultural:<\/strong>&nbsp;Gu\u00eda de turismo o gesti\u00f3n cultural en entornos que requieren dominio del idioma.<\/li>\n\n\n\n<li><strong>Editoriales:<\/strong>\u00a0Elaboraci\u00f3n, edici\u00f3n o asesoramiento en materiales did\u00e1cticos para la ense\u00f1anza del idioma.\u00a0\u00a0<\/li>\n<\/ul>\n\n\n\n<p><\/p>\n\n\n\n<p><\/p>\n","protected":false},"excerpt":{"rendered":"<p>El profesorado de ingl\u00e9s ofrece un amplio campo ocupacional\u00a0enfocado en la ense\u00f1anza en todos los niveles educativos (inicial, primario, secundario y superior) en instituciones p\u00fablicas y privadas. Tambi\u00e9n permite el desempe\u00f1o en centros de idiomas, capacitaci\u00f3n corporativa, traducci\u00f3n, interpretaci\u00f3n, y el trabajo en el extranjero o en el sector tur\u00edstico y editorial. \u00c1reas de Desempe\u00f1o &#8230; <a title=\"Campo Ocupacional\" class=\"read-more\" href=\"https:\/\/isp4lt-sfe.infd.edu.ar\/sitio\/campo-ocupacional-4\/\" aria-label=\"More on Campo Ocupacional\">[+]<\/a><\/p>\n","protected":false},"author":69,"featured_media":0,"parent":0,"menu_order":0,"comment_status":"closed","ping_status":"closed","template":"","meta":[],"acf":[],"_links":{"self":[{"href":"https:\/\/isp4lt-sfe.infd.edu.ar\/sitio\/wp-json\/wp\/v2\/pages\/3556"}],"collection":[{"href":"https:\/\/isp4lt-sfe.infd.edu.ar\/sitio\/wp-json\/wp\/v2\/pages"}],"about":[{"href":"https:\/\/isp4lt-sfe.infd.edu.ar\/sitio\/wp-json\/wp\/v2\/types\/page"}],"author":[{"embeddable":true,"href":"https:\/\/isp4lt-sfe.infd.edu.ar\/sitio\/wp-json\/wp\/v2\/users\/69"}],"replies":[{"embeddable":true,"href":"https:\/\/isp4lt-sfe.infd.edu.ar\/sitio\/wp-json\/wp\/v2\/comments?post=3556"}],"version-history":[{"count":1,"href":"https:\/\/isp4lt-sfe.infd.edu.ar\/sitio\/wp-json\/wp\/v2\/pages\/3556\/revisions"}],"predecessor-version":[{"id":3557,"href":"https:\/\/isp4lt-sfe.infd.edu.ar\/sitio\/wp-json\/wp\/v2\/pages\/3556\/revisions\/3557"}],"wp:attachment":[{"href":"https:\/\/isp4lt-sfe.infd.edu.ar\/sitio\/wp-json\/wp\/v2\/media?parent=3556"}],"curies":[{"name":"wp","href":"https:\/\/api.w.org\/{rel}","templated":true}]}}