{"id":971,"date":"2018-08-31T16:46:31","date_gmt":"2018-08-31T19:46:31","guid":{"rendered":"https:\/\/isp4lt-sfe.infd.edu.ar\/sitio\/historia\/"},"modified":"2019-03-06T13:46:38","modified_gmt":"2019-03-06T16:46:38","slug":"conociendoelinstituto","status":"publish","type":"page","link":"https:\/\/isp4lt-sfe.infd.edu.ar\/sitio\/conociendoelinstituto\/","title":{"rendered":"Conociendo el  Instituto N\u00ba 63"},"content":{"rendered":"<h2>INSTITUTO SUPERIOR N\u00b063<\/h2>\n<h2>Datos Institucionales:<\/h2>\n<p>Localidad: Las Toscas<\/p>\n<p>Direcci\u00f3n: Calle 19 N\u00ba 411<\/p>\n<p>Mail: instituto63ltoscas@gmail.com<\/p>\n<p>Facebook:\u00a0<a href=\"https:\/\/es-la.facebook.com\/ISP63LasToscas\/\">https:\/\/es-la.facebook.com\/ISP63LasToscas\/<\/a><\/p>\n<p>Tel\u00e9fono: 03482-492041<\/p>\n<p>Horarios de atenci\u00f3n: de 18:00 a 22:30 hs<\/p>\n<h2><\/h2>\n<h2>Acerca del Instituto:<\/h2>\n<p>El ISP N\u00b0 63 se localiza en Las Toscas, en el extremo norte de la provincia de Santa Fe, a pocos kil\u00f3metros del l\u00edmite con la provincia del Chaco.<\/p>\n<p>Al ser de gesti\u00f3n oficial, cumple un rol fundamental como formador de formadores y t\u00e9cnicos, posibilitando el acceso a muchos j\u00f3venes desde Florencia hasta Villa Ocampo.<\/p>\n<p>Fue creado el 2 de julio de 1986 como ANEXO 1 del ISP N\u00b04 \u00c1ngel C\u00e1rcano situado en Reconquista; hasta el a\u00f1o 2014 en que se independiza tomando el nombre de ISP N\u00b063. Es dable mencionar que durante el a\u00f1o 2019 se elaborar\u00e1 el proyecto para darle un nombre espec\u00edfico a la instituci\u00f3n.<\/p>\n<p>La actividad industrial de la zona se vio fuertemente diezmada en los \u00faltimos a\u00f1os puesto que el Ingenio azucarero que sustent\u00f3 por muchos a\u00f1os la econom\u00eda del lugar y la regi\u00f3n fue a la quiebra y pas\u00f3 por diversas etapas de crisis, actualmente a\u00fan no se sabe si reactivar\u00e1 su actividad. Existe tambi\u00e9n una desmotadora de algod\u00f3n que funciona en forma \u00f3ptima y una curtiembre que emplea personal de toda la zona.<\/p>\n<p>Las Toscas cuenta hoy con alrededor de 15000 habitantes y adem\u00e1s de centrar su actividad econ\u00f3mica en las industrias mencionadas cuenta con muchos comercios y empresas de servicios.<\/p>\n<p>Las carreras que se dictan actualmente son PROFESORADO DE EDUCACI\u00d3N PRIMARIA, PROFESORADO DE LENGUA Y LITERATURA Y TECNICATURA EN DESARROLLO DE SOFTWARE. Durante el a\u00f1o 2019 se realizar\u00e1n gestiones para la apertura de una tecnicatura y un profesorado m\u00e1s porque es una demanda concreta de padres y alumnos egresados de las escuelas medias dada la situaci\u00f3n econ\u00f3mica actual.<\/p>\n<p>El instituto es lugar de encuentro de escritores (por un convenio que se sostiene con la Biblioteca Popular Jos\u00e9 Manuel Estrada), adem\u00e1s propone talleres sobre diversas tem\u00e1ticas de la pr\u00e1ctica docente y estrategias metodol\u00f3gicas a los docentes coformadores de las escuelas asociadas. La Tecnicatura ha tejido nexos con las escuelas t\u00e9cnicas de la zona y compartido talleres de rob\u00f3tica.<\/p>\n<p>La imagen objetivo se relaciona a un crecimiento sostenido en la calidad de la ense\u00f1anza y la igualdad de oportunidades.<\/p>\n<p>&nbsp;<\/p>\n","protected":false},"excerpt":{"rendered":"<p>INSTITUTO SUPERIOR N\u00b063 Datos Institucionales: Localidad: Las Toscas Direcci\u00f3n: Calle 19 N\u00ba 411 Mail: instituto63ltoscas@gmail.com Facebook:\u00a0https:\/\/es-la.facebook.com\/ISP63LasToscas\/ Tel\u00e9fono: 03482-492041 Horarios de atenci\u00f3n: de 18:00 a 22:30 hs Acerca del Instituto: El ISP N\u00b0 63 se localiza en Las Toscas, en el extremo norte de la provincia de Santa Fe, a pocos kil\u00f3metros del l\u00edmite con la &#8230; <a title=\"Conociendo el  Instituto N\u00ba 63\" class=\"read-more\" href=\"https:\/\/isp4lt-sfe.infd.edu.ar\/sitio\/conociendoelinstituto\/\" aria-label=\"More on Conociendo el  Instituto N\u00ba 63\">[+]<\/a><\/p>\n","protected":false},"author":356,"featured_media":0,"parent":0,"menu_order":0,"comment_status":"closed","ping_status":"closed","template":"","meta":[],"acf":[],"_links":{"self":[{"href":"https:\/\/isp4lt-sfe.infd.edu.ar\/sitio\/wp-json\/wp\/v2\/pages\/971"}],"collection":[{"href":"https:\/\/isp4lt-sfe.infd.edu.ar\/sitio\/wp-json\/wp\/v2\/pages"}],"about":[{"href":"https:\/\/isp4lt-sfe.infd.edu.ar\/sitio\/wp-json\/wp\/v2\/types\/page"}],"author":[{"embeddable":true,"href":"https:\/\/isp4lt-sfe.infd.edu.ar\/sitio\/wp-json\/wp\/v2\/users\/356"}],"replies":[{"embeddable":true,"href":"https:\/\/isp4lt-sfe.infd.edu.ar\/sitio\/wp-json\/wp\/v2\/comments?post=971"}],"version-history":[{"count":4,"href":"https:\/\/isp4lt-sfe.infd.edu.ar\/sitio\/wp-json\/wp\/v2\/pages\/971\/revisions"}],"predecessor-version":[{"id":1305,"href":"https:\/\/isp4lt-sfe.infd.edu.ar\/sitio\/wp-json\/wp\/v2\/pages\/971\/revisions\/1305"}],"wp:attachment":[{"href":"https:\/\/isp4lt-sfe.infd.edu.ar\/sitio\/wp-json\/wp\/v2\/media?parent=971"}],"curies":[{"name":"wp","href":"https:\/\/api.w.org\/{rel}","templated":true}]}}